{"id":1272,"date":"2022-02-10T12:07:32","date_gmt":"2022-02-10T11:07:32","guid":{"rendered":"https:\/\/thecellnexfoundation.org\/equipo\/"},"modified":"2022-08-16T11:19:56","modified_gmt":"2022-08-16T11:19:56","slug":"equipo","status":"publish","type":"page","link":"https:\/\/thecellnexfoundation.org\/en\/equipo\/","title":{"rendered":"Team"},"content":{"rendered":"\t\t<div data-elementor-type=\"wp-page\" data-elementor-id=\"1272\" class=\"elementor elementor-1272 elementor-247\" data-elementor-post-type=\"page\">\n\t\t\t\t\t\t<section class=\"elementor-section elementor-top-section elementor-element elementor-element-3180b9e elementor-section-height-min-height elementor-section-full_width elementor-section-items-bottom elementor-reverse-mobile elementor-section-height-default\" data-id=\"3180b9e\" data-element_type=\"section\" data-settings=\"{&quot;background_background&quot;:&quot;classic&quot;}\">\n\t\t\t\t\t\t<div class=\"elementor-container elementor-column-gap-default\">\n\t\t\t\t\t<div class=\"elementor-column elementor-col-50 elementor-top-column elementor-element elementor-element-9c45a87\" data-id=\"9c45a87\" data-element_type=\"column\" data-settings=\"{&quot;background_background&quot;:&quot;classic&quot;}\">\n\t\t\t<div class=\"elementor-widget-wrap elementor-element-populated\">\n\t\t\t\t\t\t<div class=\"elementor-element elementor-element-5438dce elementor-widget elementor-widget-text-editor\" data-id=\"5438dce\" data-element_type=\"widget\" data-widget_type=\"text-editor.default\">\n\t\t\t\t<div class=\"elementor-widget-container\">\n\t\t\t\t\t\t\t<p>The Foundation<br \/><span style=\"color: #ffffff;\">Board of Trustees<\/span><\/p>\t\t\t\t\t\t<\/div>\n\t\t\t\t<\/div>\n\t\t\t\t\t<\/div>\n\t\t<\/div>\n\t\t\t\t<div class=\"elementor-column elementor-col-50 elementor-top-column elementor-element elementor-element-36500ec elementor-invisible\" data-id=\"36500ec\" data-element_type=\"column\" data-settings=\"{&quot;animation&quot;:&quot;fadeInLeft&quot;}\">\n\t\t\t<div class=\"elementor-widget-wrap\">\n\t\t\t\t\t\t\t<\/div>\n\t\t<\/div>\n\t\t\t\t\t<\/div>\n\t\t<\/section>\n\t\t\t\t<section class=\"elementor-section elementor-top-section elementor-element elementor-element-93c3b5b elementor-section-boxed elementor-section-height-default elementor-section-height-default\" data-id=\"93c3b5b\" data-element_type=\"section\" data-settings=\"{&quot;background_background&quot;:&quot;classic&quot;}\">\n\t\t\t\t\t\t\t<div class=\"elementor-background-overlay\"><\/div>\n\t\t\t\t\t\t\t<div class=\"elementor-container elementor-column-gap-default\">\n\t\t\t\t\t<div class=\"elementor-column elementor-col-50 elementor-top-column elementor-element elementor-element-a24f05e\" data-id=\"a24f05e\" data-element_type=\"column\">\n\t\t\t<div class=\"elementor-widget-wrap elementor-element-populated\">\n\t\t\t\t\t\t<div class=\"elementor-element elementor-element-a2b6a83 elementor-widget elementor-widget-text-editor\" data-id=\"a2b6a83\" data-element_type=\"widget\" data-widget_type=\"text-editor.default\">\n\t\t\t\t<div class=\"elementor-widget-container\">\n\t\t\t\t\t\t\tThe Cellnex Foundation Board of Trustees \t\t\t\t\t\t<\/div>\n\t\t\t\t<\/div>\n\t\t\t\t<div class=\"elementor-element elementor-element-0a0650a elementor-widget elementor-widget-text-editor\" data-id=\"0a0650a\" data-element_type=\"widget\" data-widget_type=\"text-editor.default\">\n\t\t\t\t<div class=\"elementor-widget-container\">\n\t\t\t\t\t\t\t<p class=\"p1\">Members:<\/p>\t\t\t\t\t\t<\/div>\n\t\t\t\t<\/div>\n\t\t\t\t<div class=\"elementor-element elementor-element-86afb08 elementor-widget elementor-widget-text-editor\" data-id=\"86afb08\" data-element_type=\"widget\" data-widget_type=\"text-editor.default\">\n\t\t\t\t<div class=\"elementor-widget-container\">\n\t\t\t\t\t\t\t<p><strong>Aurora Cat\u00e0,<\/strong> President of Barcelona Global<br \/><strong>Josep Mart\u00ednez Vila,<\/strong> CEO of Saba Intraestructuras<br \/><strong>Llu\u00eds Deulofeu<\/strong> (President), Senior Advisor of Cellnex Telecom<br \/><strong>Rosa Pi\u00f1ol,<\/strong> former Director of Resources of Cellnex Telecom<br \/><strong>Tob\u00edas Mart\u00ednez,<\/strong> CEO of Cellnex Telecom<br \/><strong>Toni Brunet,<\/strong> Director Corporate &amp; Public Affairs of Cellnex Telecom<\/p>\t\t\t\t\t\t<\/div>\n\t\t\t\t<\/div>\n\t\t\t\t\t<\/div>\n\t\t<\/div>\n\t\t\t\t<div class=\"elementor-column elementor-col-50 elementor-top-column elementor-element elementor-element-eb0673a\" data-id=\"eb0673a\" data-element_type=\"column\">\n\t\t\t<div class=\"elementor-widget-wrap elementor-element-populated\">\n\t\t\t\t\t\t<div class=\"elementor-element elementor-element-04d6f8b elementor-widget elementor-widget-image\" data-id=\"04d6f8b\" data-element_type=\"widget\" data-widget_type=\"image.default\">\n\t\t\t\t<div class=\"elementor-widget-container\">\n\t\t\t\t\t\t\t\t\t\t\t\t\t<img fetchpriority=\"high\" decoding=\"async\" width=\"800\" height=\"536\" src=\"https:\/\/thecellnexfoundation.org\/wp-content\/uploads\/2022\/02\/W1_Equipo-patronato.jpg\" class=\"attachment-large size-large wp-image-251\" alt=\"\" srcset=\"https:\/\/thecellnexfoundation.org\/wp-content\/uploads\/2022\/02\/W1_Equipo-patronato.jpg 900w, https:\/\/thecellnexfoundation.org\/wp-content\/uploads\/2022\/02\/W1_Equipo-patronato-300x201.jpg 300w, https:\/\/thecellnexfoundation.org\/wp-content\/uploads\/2022\/02\/W1_Equipo-patronato-768x515.jpg 768w\" sizes=\"(max-width: 800px) 100vw, 800px\" \/>\t\t\t\t\t\t\t\t\t\t\t\t\t<\/div>\n\t\t\t\t<\/div>\n\t\t\t\t<div class=\"elementor-element elementor-element-f70a856 elementor-invisible elementor-widget elementor-widget-text-editor\" data-id=\"f70a856\" data-element_type=\"widget\" data-settings=\"{&quot;_animation&quot;:&quot;fadeIn&quot;,&quot;_animation_delay&quot;:200}\" data-widget_type=\"text-editor.default\">\n\t\t\t\t<div class=\"elementor-widget-container\">\n\t\t\t\t\t\t\tT. Mart\u00ednez \/ A. Cat\u00e0 \/ R. Pi\u00f1ol \/ L. Deulofeu \/ T. Brunet \/ J. Mart\u00ednez Vila\n\t\t\t\t\t\t<\/div>\n\t\t\t\t<\/div>\n\t\t\t\t\t<\/div>\n\t\t<\/div>\n\t\t\t\t\t<\/div>\n\t\t<\/section>\n\t\t\t\t<section class=\"elementor-section elementor-top-section elementor-element elementor-element-4a3a70d elementor-section-boxed elementor-section-height-default elementor-section-height-default\" data-id=\"4a3a70d\" data-element_type=\"section\" data-settings=\"{&quot;background_background&quot;:&quot;classic&quot;}\">\n\t\t\t\t\t\t\t<div class=\"elementor-background-overlay\"><\/div>\n\t\t\t\t\t\t\t<div class=\"elementor-container elementor-column-gap-default\">\n\t\t\t\t\t<div class=\"elementor-column elementor-col-50 elementor-top-column elementor-element elementor-element-87e78f4\" data-id=\"87e78f4\" data-element_type=\"column\">\n\t\t\t<div class=\"elementor-widget-wrap elementor-element-populated\">\n\t\t\t\t\t\t<div class=\"elementor-element elementor-element-8a8296b elementor-widget elementor-widget-text-editor\" data-id=\"8a8296b\" data-element_type=\"widget\" data-widget_type=\"text-editor.default\">\n\t\t\t\t<div class=\"elementor-widget-container\">\n\t\t\t\t\t\t\tSecretary of the Board of Trustees:\t\t\t\t\t\t<\/div>\n\t\t\t\t<\/div>\n\t\t\t\t<div class=\"elementor-element elementor-element-d895837 elementor-widget elementor-widget-image\" data-id=\"d895837\" data-element_type=\"widget\" data-widget_type=\"image.default\">\n\t\t\t\t<div class=\"elementor-widget-container\">\n\t\t\t\t\t\t\t\t\t\t\t\t\t<img decoding=\"async\" width=\"783\" height=\"783\" src=\"https:\/\/thecellnexfoundation.org\/wp-content\/uploads\/2022\/02\/W_Directora-legal-Virginia-Navarro.jpg\" class=\"attachment-large size-large wp-image-252\" alt=\"\" srcset=\"https:\/\/thecellnexfoundation.org\/wp-content\/uploads\/2022\/02\/W_Directora-legal-Virginia-Navarro.jpg 783w, https:\/\/thecellnexfoundation.org\/wp-content\/uploads\/2022\/02\/W_Directora-legal-Virginia-Navarro-300x300.jpg 300w, https:\/\/thecellnexfoundation.org\/wp-content\/uploads\/2022\/02\/W_Directora-legal-Virginia-Navarro-150x150.jpg 150w, https:\/\/thecellnexfoundation.org\/wp-content\/uploads\/2022\/02\/W_Directora-legal-Virginia-Navarro-768x768.jpg 768w\" sizes=\"(max-width: 783px) 100vw, 783px\" \/>\t\t\t\t\t\t\t\t\t\t\t\t\t<\/div>\n\t\t\t\t<\/div>\n\t\t\t\t<div class=\"elementor-element elementor-element-9c23bc8 elementor-widget elementor-widget-text-editor\" data-id=\"9c23bc8\" data-element_type=\"widget\" data-widget_type=\"text-editor.default\">\n\t\t\t\t<div class=\"elementor-widget-container\">\n\t\t\t\t\t\t\t<strong>Virginia Navarro,<\/strong>\n Legal M&#038;A &#038; Financing Director of Cellnex Telecom\t\t\t\t\t\t<\/div>\n\t\t\t\t<\/div>\n\t\t\t\t\t<\/div>\n\t\t<\/div>\n\t\t\t\t<div class=\"elementor-column elementor-col-50 elementor-top-column elementor-element elementor-element-9e07919\" data-id=\"9e07919\" data-element_type=\"column\">\n\t\t\t<div class=\"elementor-widget-wrap elementor-element-populated\">\n\t\t\t\t\t\t<div class=\"elementor-element elementor-element-8fc867e elementor-widget elementor-widget-text-editor\" data-id=\"8fc867e\" data-element_type=\"widget\" data-widget_type=\"text-editor.default\">\n\t\t\t\t<div class=\"elementor-widget-container\">\n\t\t\t\t\t\t\tThe Cellnex Foundation Director:\t\t\t\t\t\t<\/div>\n\t\t\t\t<\/div>\n\t\t\t\t<div class=\"elementor-element elementor-element-937efda elementor-widget elementor-widget-image\" data-id=\"937efda\" data-element_type=\"widget\" data-widget_type=\"image.default\">\n\t\t\t\t<div class=\"elementor-widget-container\">\n\t\t\t\t\t\t\t\t\t\t\t\t\t<img decoding=\"async\" width=\"406\" height=\"405\" src=\"https:\/\/thecellnexfoundation.org\/wp-content\/uploads\/2022\/03\/W_Directora-Angles-Ucero_1.jpg\" class=\"attachment-large size-large wp-image-485\" alt=\"\" srcset=\"https:\/\/thecellnexfoundation.org\/wp-content\/uploads\/2022\/03\/W_Directora-Angles-Ucero_1.jpg 406w, https:\/\/thecellnexfoundation.org\/wp-content\/uploads\/2022\/03\/W_Directora-Angles-Ucero_1-300x300.jpg 300w, https:\/\/thecellnexfoundation.org\/wp-content\/uploads\/2022\/03\/W_Directora-Angles-Ucero_1-150x150.jpg 150w\" sizes=\"(max-width: 406px) 100vw, 406px\" \/>\t\t\t\t\t\t\t\t\t\t\t\t\t<\/div>\n\t\t\t\t<\/div>\n\t\t\t\t<div class=\"elementor-element elementor-element-38d0265 elementor-widget elementor-widget-text-editor\" data-id=\"38d0265\" data-element_type=\"widget\" data-widget_type=\"text-editor.default\">\n\t\t\t\t<div class=\"elementor-widget-container\">\n\t\t\t\t\t\t\t<strong>\u00c0ngels Ucero,\n<\/strong> Director of Sustainability at Cellnex Telecom\t\t\t\t\t\t<\/div>\n\t\t\t\t<\/div>\n\t\t\t\t\t<\/div>\n\t\t<\/div>\n\t\t\t\t\t<\/div>\n\t\t<\/section>\n\t\t\t\t<\/div>\n\t\t","protected":false},"excerpt":{"rendered":"<p>The FoundationBoard of Trustees The Cellnex Foundation Board of Trustees Members: Aurora Cat\u00e0, President of Barcelona GlobalJosep Mart\u00ednez Vila, CEO of Saba IntraestructurasLlu\u00eds Deulofeu (President), Senior Advisor of Cellnex TelecomRosa Pi\u00f1ol, former Director of Resources of Cellnex TelecomTob\u00edas Mart\u00ednez, CEO of Cellnex TelecomToni Brunet, Director Corporate &amp; Public Affairs of Cellnex Telecom T. Mart\u00ednez \/ [&hellip;]<\/p>\n","protected":false},"author":2,"featured_media":0,"parent":0,"menu_order":0,"comment_status":"closed","ping_status":"closed","template":"elementor_header_footer","meta":{"footnotes":""},"class_list":["post-1272","page","type-page","status-publish","hentry"],"yoast_head":"<!-- This site is optimized with the Yoast SEO plugin v25.3 - https:\/\/yoast.com\/wordpress\/plugins\/seo\/ -->\n<title>Team - Fundaci\u00f3n Cellnex<\/title>\n<meta name=\"robots\" content=\"index, follow, max-snippet:-1, max-image-preview:large, max-video-preview:-1\" \/>\n<link rel=\"canonical\" href=\"https:\/\/thecellnexfoundation.org\/en\/equipo\/\" \/>\n<meta property=\"og:locale\" content=\"en_US\" \/>\n<meta property=\"og:type\" content=\"article\" \/>\n<meta property=\"og:title\" content=\"Team - Fundaci\u00f3n Cellnex\" \/>\n<meta property=\"og:description\" content=\"The FoundationBoard of Trustees The Cellnex Foundation Board of Trustees Members: Aurora Cat\u00e0, President of Barcelona GlobalJosep Mart\u00ednez Vila, CEO of Saba IntraestructurasLlu\u00eds Deulofeu (President), Senior Advisor of Cellnex TelecomRosa Pi\u00f1ol, former Director of Resources of Cellnex TelecomTob\u00edas Mart\u00ednez, CEO of Cellnex TelecomToni Brunet, Director Corporate &amp; Public Affairs of Cellnex Telecom T. Mart\u00ednez \/ [&hellip;]\" \/>\n<meta property=\"og:url\" content=\"https:\/\/thecellnexfoundation.org\/en\/equipo\/\" \/>\n<meta property=\"og:site_name\" content=\"Fundaci\u00f3n Cellnex\" \/>\n<meta property=\"article:modified_time\" content=\"2022-08-16T11:19:56+00:00\" \/>\n<meta property=\"og:image\" content=\"https:\/\/thecellnexfoundation.org\/wp-content\/uploads\/2022\/02\/W1_Equipo-patronato.jpg\" \/>\n<meta name=\"twitter:card\" content=\"summary_large_image\" \/>\n<meta name=\"twitter:site\" content=\"@CellnexFndn\" \/>\n<meta name=\"twitter:label1\" content=\"Est. reading time\" \/>\n\t<meta name=\"twitter:data1\" content=\"2 minutes\" \/>\n<script type=\"application\/ld+json\" class=\"yoast-schema-graph\">{\"@context\":\"https:\/\/schema.org\",\"@graph\":[{\"@type\":\"WebPage\",\"@id\":\"https:\/\/thecellnexfoundation.org\/en\/equipo\/\",\"url\":\"https:\/\/thecellnexfoundation.org\/en\/equipo\/\",\"name\":\"Team - Fundaci\u00f3n Cellnex\",\"isPartOf\":{\"@id\":\"https:\/\/thecellnexfoundation.org\/#website\"},\"primaryImageOfPage\":{\"@id\":\"https:\/\/thecellnexfoundation.org\/en\/equipo\/#primaryimage\"},\"image\":{\"@id\":\"https:\/\/thecellnexfoundation.org\/en\/equipo\/#primaryimage\"},\"thumbnailUrl\":\"https:\/\/thecellnexfoundation.org\/wp-content\/uploads\/2022\/02\/W1_Equipo-patronato.jpg\",\"datePublished\":\"2022-02-10T11:07:32+00:00\",\"dateModified\":\"2022-08-16T11:19:56+00:00\",\"breadcrumb\":{\"@id\":\"https:\/\/thecellnexfoundation.org\/en\/equipo\/#breadcrumb\"},\"inLanguage\":\"en-US\",\"potentialAction\":[{\"@type\":\"ReadAction\",\"target\":[\"https:\/\/thecellnexfoundation.org\/en\/equipo\/\"]}]},{\"@type\":\"ImageObject\",\"inLanguage\":\"en-US\",\"@id\":\"https:\/\/thecellnexfoundation.org\/en\/equipo\/#primaryimage\",\"url\":\"https:\/\/thecellnexfoundation.org\/wp-content\/uploads\/2022\/02\/W1_Equipo-patronato.jpg\",\"contentUrl\":\"https:\/\/thecellnexfoundation.org\/wp-content\/uploads\/2022\/02\/W1_Equipo-patronato.jpg\"},{\"@type\":\"BreadcrumbList\",\"@id\":\"https:\/\/thecellnexfoundation.org\/en\/equipo\/#breadcrumb\",\"itemListElement\":[{\"@type\":\"ListItem\",\"position\":1,\"name\":\"Home\",\"item\":\"https:\/\/thecellnexfoundation.org\/en\/\"},{\"@type\":\"ListItem\",\"position\":2,\"name\":\"Team\"}]},{\"@type\":\"WebSite\",\"@id\":\"https:\/\/thecellnexfoundation.org\/#website\",\"url\":\"https:\/\/thecellnexfoundation.org\/\",\"name\":\"Fundaci\u00f3n Cellnex\",\"description\":\"Tecnolog\u00eda y conectividad al servicio de las personas\",\"publisher\":{\"@id\":\"https:\/\/thecellnexfoundation.org\/#organization\"},\"potentialAction\":[{\"@type\":\"SearchAction\",\"target\":{\"@type\":\"EntryPoint\",\"urlTemplate\":\"https:\/\/thecellnexfoundation.org\/?s={search_term_string}\"},\"query-input\":{\"@type\":\"PropertyValueSpecification\",\"valueRequired\":true,\"valueName\":\"search_term_string\"}}],\"inLanguage\":\"en-US\"},{\"@type\":\"Organization\",\"@id\":\"https:\/\/thecellnexfoundation.org\/#organization\",\"name\":\"The Cellnex Foundation\",\"url\":\"https:\/\/thecellnexfoundation.org\/\",\"logo\":{\"@type\":\"ImageObject\",\"inLanguage\":\"en-US\",\"@id\":\"https:\/\/thecellnexfoundation.org\/#\/schema\/logo\/image\/\",\"url\":\"https:\/\/thecellnexfoundation.org\/wp-content\/uploads\/2022\/05\/marca_cellnex_fundacion.png\",\"contentUrl\":\"https:\/\/thecellnexfoundation.org\/wp-content\/uploads\/2022\/05\/marca_cellnex_fundacion.png\",\"width\":1364,\"height\":534,\"caption\":\"The Cellnex Foundation\"},\"image\":{\"@id\":\"https:\/\/thecellnexfoundation.org\/#\/schema\/logo\/image\/\"},\"sameAs\":[\"https:\/\/x.com\/CellnexFndn\",\"https:\/\/www.linkedin.com\/company\/thecellnexfoundation\/\"]}]}<\/script>\n<!-- \/ Yoast SEO plugin. -->","yoast_head_json":{"title":"Team - Fundaci\u00f3n Cellnex","robots":{"index":"index","follow":"follow","max-snippet":"max-snippet:-1","max-image-preview":"max-image-preview:large","max-video-preview":"max-video-preview:-1"},"canonical":"https:\/\/thecellnexfoundation.org\/en\/equipo\/","og_locale":"en_US","og_type":"article","og_title":"Team - Fundaci\u00f3n Cellnex","og_description":"The FoundationBoard of Trustees The Cellnex Foundation Board of Trustees Members: Aurora Cat\u00e0, President of Barcelona GlobalJosep Mart\u00ednez Vila, CEO of Saba IntraestructurasLlu\u00eds Deulofeu (President), Senior Advisor of Cellnex TelecomRosa Pi\u00f1ol, former Director of Resources of Cellnex TelecomTob\u00edas Mart\u00ednez, CEO of Cellnex TelecomToni Brunet, Director Corporate &amp; Public Affairs of Cellnex Telecom T. Mart\u00ednez \/ [&hellip;]","og_url":"https:\/\/thecellnexfoundation.org\/en\/equipo\/","og_site_name":"Fundaci\u00f3n Cellnex","article_modified_time":"2022-08-16T11:19:56+00:00","og_image":[{"url":"https:\/\/thecellnexfoundation.org\/wp-content\/uploads\/2022\/02\/W1_Equipo-patronato.jpg","type":"","width":"","height":""}],"twitter_card":"summary_large_image","twitter_site":"@CellnexFndn","twitter_misc":{"Est. reading time":"2 minutes"},"schema":{"@context":"https:\/\/schema.org","@graph":[{"@type":"WebPage","@id":"https:\/\/thecellnexfoundation.org\/en\/equipo\/","url":"https:\/\/thecellnexfoundation.org\/en\/equipo\/","name":"Team - Fundaci\u00f3n Cellnex","isPartOf":{"@id":"https:\/\/thecellnexfoundation.org\/#website"},"primaryImageOfPage":{"@id":"https:\/\/thecellnexfoundation.org\/en\/equipo\/#primaryimage"},"image":{"@id":"https:\/\/thecellnexfoundation.org\/en\/equipo\/#primaryimage"},"thumbnailUrl":"https:\/\/thecellnexfoundation.org\/wp-content\/uploads\/2022\/02\/W1_Equipo-patronato.jpg","datePublished":"2022-02-10T11:07:32+00:00","dateModified":"2022-08-16T11:19:56+00:00","breadcrumb":{"@id":"https:\/\/thecellnexfoundation.org\/en\/equipo\/#breadcrumb"},"inLanguage":"en-US","potentialAction":[{"@type":"ReadAction","target":["https:\/\/thecellnexfoundation.org\/en\/equipo\/"]}]},{"@type":"ImageObject","inLanguage":"en-US","@id":"https:\/\/thecellnexfoundation.org\/en\/equipo\/#primaryimage","url":"https:\/\/thecellnexfoundation.org\/wp-content\/uploads\/2022\/02\/W1_Equipo-patronato.jpg","contentUrl":"https:\/\/thecellnexfoundation.org\/wp-content\/uploads\/2022\/02\/W1_Equipo-patronato.jpg"},{"@type":"BreadcrumbList","@id":"https:\/\/thecellnexfoundation.org\/en\/equipo\/#breadcrumb","itemListElement":[{"@type":"ListItem","position":1,"name":"Home","item":"https:\/\/thecellnexfoundation.org\/en\/"},{"@type":"ListItem","position":2,"name":"Team"}]},{"@type":"WebSite","@id":"https:\/\/thecellnexfoundation.org\/#website","url":"https:\/\/thecellnexfoundation.org\/","name":"Fundaci\u00f3n Cellnex","description":"Tecnolog\u00eda y conectividad al servicio de las personas","publisher":{"@id":"https:\/\/thecellnexfoundation.org\/#organization"},"potentialAction":[{"@type":"SearchAction","target":{"@type":"EntryPoint","urlTemplate":"https:\/\/thecellnexfoundation.org\/?s={search_term_string}"},"query-input":{"@type":"PropertyValueSpecification","valueRequired":true,"valueName":"search_term_string"}}],"inLanguage":"en-US"},{"@type":"Organization","@id":"https:\/\/thecellnexfoundation.org\/#organization","name":"The Cellnex Foundation","url":"https:\/\/thecellnexfoundation.org\/","logo":{"@type":"ImageObject","inLanguage":"en-US","@id":"https:\/\/thecellnexfoundation.org\/#\/schema\/logo\/image\/","url":"https:\/\/thecellnexfoundation.org\/wp-content\/uploads\/2022\/05\/marca_cellnex_fundacion.png","contentUrl":"https:\/\/thecellnexfoundation.org\/wp-content\/uploads\/2022\/05\/marca_cellnex_fundacion.png","width":1364,"height":534,"caption":"The Cellnex Foundation"},"image":{"@id":"https:\/\/thecellnexfoundation.org\/#\/schema\/logo\/image\/"},"sameAs":["https:\/\/x.com\/CellnexFndn","https:\/\/www.linkedin.com\/company\/thecellnexfoundation\/"]}]}},"_links":{"self":[{"href":"https:\/\/thecellnexfoundation.org\/en\/wp-json\/wp\/v2\/pages\/1272"}],"collection":[{"href":"https:\/\/thecellnexfoundation.org\/en\/wp-json\/wp\/v2\/pages"}],"about":[{"href":"https:\/\/thecellnexfoundation.org\/en\/wp-json\/wp\/v2\/types\/page"}],"author":[{"embeddable":true,"href":"https:\/\/thecellnexfoundation.org\/en\/wp-json\/wp\/v2\/users\/2"}],"replies":[{"embeddable":true,"href":"https:\/\/thecellnexfoundation.org\/en\/wp-json\/wp\/v2\/comments?post=1272"}],"version-history":[{"count":7,"href":"https:\/\/thecellnexfoundation.org\/en\/wp-json\/wp\/v2\/pages\/1272\/revisions"}],"predecessor-version":[{"id":1280,"href":"https:\/\/thecellnexfoundation.org\/en\/wp-json\/wp\/v2\/pages\/1272\/revisions\/1280"}],"wp:attachment":[{"href":"https:\/\/thecellnexfoundation.org\/en\/wp-json\/wp\/v2\/media?parent=1272"}],"curies":[{"name":"wp","href":"https:\/\/api.w.org\/{rel}","templated":true}]}}